{"id":87,"date":"2013-01-05T17:01:32","date_gmt":"2013-01-05T17:01:32","guid":{"rendered":"http:\/\/strawinsky.net\/de\/?page_id=87"},"modified":"2020-11-21T10:21:41","modified_gmt":"2020-11-21T10:21:41","slug":"geistliches-fast-food-im-grossen-wettlauf","status":"publish","type":"page","link":"http:\/\/strawinsky.net\/de\/hintergrund\/geistliches-fast-food-im-grossen-wettlauf\/","title":{"rendered":"Geistliches Fast Food im gro\u00dfen Wettlauf"},"content":{"rendered":"<div class=\"sideimg\" style=\"margin-top:-30px\"><img decoding=\"async\" src=\"http:\/\/strawinsky.net\/wp-content\/uploads\/2012\/11\/the-enchanted-library-300x199.jpg\" alt=\"\" title=\"Der verzauberte B\u00fccherkeller\" width=\"251\" class=\"imgborder size-medium wp-image-191\" \/><\/div>\n<h3>Der Schlaf der Christenheit<\/h3>\n<p>Ich habe immer schon mit Begeisterung christliche Literatur und die Bibel gelesen und es hat mich in den letzten Jahren sehr traurig gemacht zu sehen, dass viele meiner christlichen Freunde und Bekannten nicht oder nur sehr wenig christliche B\u00fccher und Bibel lesen.<\/p>\n<p>Obwohl viele Christen ihren Glauben zu bekennen scheinen, verwenden sie den gr\u00f6\u00dften Teil ihrer freien Zeit, ihres Geldes und ihrer Energie zum Fernsehen, f\u00fcr den Medienkonsum und f\u00fcr Gedanken \u00fcber den n\u00e4chsten Urlaub, ihr Lieblingshobby oder den n\u00e4chsten Einkaufs-Trip.<\/p>\n<p>W\u00e4hrend all diese Dinge eigentlich an sich ja nicht falsch sind, ist mir klar geworden, dass diese weltliche Ausrichtung einen massiven Einfluss auf sie hat:<\/p>\n<ul>\n<li>Ihre Identit\u00e4t st\u00fctzt sich auf materielle Dinge- und nicht auf Christus,<\/li>\n<li>Vision und Perspektiven f\u00fcr ihr Leben sind begrenzt \u2013 sie leben nur im hier und jetzt,<\/li>\n<li>Sie sind unvorbereitet, wenn Probleme oder Krisen in ihrem Leben auftauchen,<\/li>\n<li>Sie erleben nur wenig oder gar kein Wachstum im Glauben, weil sie st\u00e4ndig mit den gleichen, wiederkehrenden Problemen k\u00e4mpfen, ohne irgendeinen Fortschritt machen zu k\u00f6nnen.<\/li>\n<\/ul>\n<h3>Eine wachsende Herausforderung in einer Medien-ges\u00e4ttigten Welt<\/h3>\n<p>Ich glaube nicht, dass dies nur ein Problem dieser Zeit ist, da Paulus in Hebr\u00e4er 5,11-14 etwas \u00c4hnliches erw\u00e4hnt:<\/p>\n<blockquote><p><em>\u201eDar\u00fcber haben wir noch viel zu sagen; allerdings wird es schwierig sein, euch diese Dinge zu erkl\u00e4ren, weil ihr in letzter Zeit so wenig Interesse daran zeigt; es ist geradezu, als w\u00e4rt ihr schwerh\u00f6rig geworden. Eigentlich m\u00fcsstet ihr l\u00e4ngst in der Lage sein, andere zu unterrichten; stattdessen braucht ihr selbst wieder jemand, der euch die grundlegenden Wahrheiten der Botschaft Gottes lehrt. Ihr habt sozusagen wieder Milch n\u00f6tig statt fester Nahrung. Wer nur Milch vertr\u00e4gt, ist ein Kind und hat noch nicht die n\u00f6tige Erfahrung, um sein Leben so zu gestalten, wie es nach Gottes Wort richtig ist. Feste Nahrung hingegen ist f\u00fcr Erwachsene, f\u00fcr reife Menschen also, deren Urteilsf\u00e4higkeit aufgrund ihrer Erfahrung so geschult ist, dass sie imstande sind, zwischen Gut und B\u00f6se zu unterscheiden.\u201c<\/em><\/p><\/blockquote>\n<p>Mit einem st\u00e4ndig wachsenden Medienangebot um uns herum, m\u00fcssen wir als Christen sehr vorsichtig sein und lernen zu verstehen welche Botschaften die Kultur und Medien uns einfl\u00f6\u00dfen m\u00f6chte. Wir k\u00f6nnen nicht erwarten ver\u00e4nderte Leben zu sehen, wenn wir Gottes Wort und dem Heiligen Geist nur wenig oder keinen Raum in unserem Leben geben und stattdessen unsere Gedanken mit irgendwelcher geistlichen und geistigen Nahrung aus den neuesten Fernsehserien, Computerspielen, Internet, Musik und Radio zu f\u00fcllen.<\/p>\n<p>Viele Christen fragen sich oft, was Gottes Wille f\u00fcr ihr Leben oder ihre momentane Situation ist. R\u00f6mer 12,2 \u2013 ein bekannter Bibelvers \u2013 besagt Folgendes:<\/p>\n<blockquote><p><em>\u201eRichtet euch nicht l\u00e4nger nach den Ma\u00dfst\u00e4ben dieser Welt, sondern lernt, in einer neuen Weise zu denken, damit ihr ver\u00e4ndert werdet und beurteilen k\u00f6nnt, ob etwas Gottes Wille ist \u2013 ob es gut ist, ob Gott Freude daran hat und ob es vollkommen ist.\u201c<\/em><\/p><\/blockquote>\n<p>Das bedeutet, dass wir immer mehr sehen und verstehen werden, was Gottes Wille f\u00fcr unser Leben und unser Handeln ist, wenn wir unsere Gedanken erneuern und Gott regelm\u00e4\u00dfig in seinem Wort, in Gebet und sogar auch in einigen guten, qualitativ hochwertigen christlichen B\u00fcchern oder in Musik suchen. Wenn wir das tun, werden wir beginnen immer mehr Gottes F\u00fchrung zu erleben anstatt unser Leben zu vergeuden und als alte, bittere Leute voller Bedauern und Reue \u00fcber ein verschwendetes Leben zu enden.<\/p>\n<h3>Der Globglogabgalab<\/h3>\n<div class=\"sideimg\" style=\"background: none;\"><img decoding=\"async\" src=\"http:\/\/strawinsky.net\/wp-content\/uploads\/2012\/11\/the_globglogabgalab-265x300.png\" alt=\"\" title=\"Der Globglogabgalab\" width=\"251\" class=\"imgborder size-medium wp-image-195\" style=\"border: none; padding: 1px;\"\/><\/div>\n<p>Mein Animationsfilm besch\u00e4ftigt sich genau mit diesem Thema: Vier sprechende Tiere entdecken ein altes, heruntergekommenes Haus, versteckt in einem magischen Wald. Sie erkunden das Geb\u00e4ude, treffen auf einige seltsame Bewohner und enden schlie\u00dflich in einem verzauberten B\u00fccherkeller.<\/p>\n<p>Einer der Charaktere, den sie im Haus treffen, ist der Globglogabgalab, eine \u00fcbergewichtige Kreatur, die abh\u00e4ngig von den B\u00fcchern der unterirdischen B\u00fccherei ist. Sein K\u00f6rper ist wie eine riesige Teigmasse, die durch Gedanken aus den Geschichten der B\u00fccher frisch gehalten und gen\u00e4hrt wird.<\/p>\n<p>Der Inhalt der B\u00fccher s\u00e4ttigt seinen K\u00f6rper \u00e4hnlich wie Hefe einen Teig durchsetzt und ver\u00e4ndert ihn in eine fettleibige Figur, ohne dass er selbst wirkliche Kontrolle dar\u00fcber hat. Trotzdem verbringt er sein ganzes Leben weiterhin damit, alle Gedanken und B\u00fccher, die er finden kann, zu konsumieren.<\/p>\n<p>Er wei\u00df, dass der K\u00f6nig (der gro\u00dfe Elohim) ihn berufen hat, ihm zu dienen und nachzufolgen, doch er will schlicht und einfach nicht seine Bequemlichkeit und seinen Konsum \u2013 in Form von wahllosen Geschichten und  seichter Unterhaltung, die ihm gerade so \u00fcber den Weg laufen \u2013 aufgeben.<\/p>\n<h3>Geistliche Fast Food-Ern\u00e4hrung als Vorbereitung f\u00fcr das gro\u00dfe Rennen<\/h3>\n<p>Die Bibel vergleicht uns in mehreren Versen mit L\u00e4ufern in einem Wettkampf:<\/p>\n<blockquote><p><em>\u201eIhr wisst doch, wie es ist, wenn in einem Stadion ein Wettlauf stattfindet: Viele nehmen daran teil, aber nur einer bekommt den Siegespreis. Macht es wie der siegreiche Athlet: Lauft so, dass ihr den Preis bekommt! Jeder, der an einem Wettkampf teilnehmen will, unterwirft sich einer strengen Disziplin. Die Athleten tun es f\u00fcr einen Siegeskranz, der bald wieder verwelkt. Unser Siegeskranz hingegen ist unverg\u00e4nglich. F\u00fcr mich gibt es daher nur eins: Ich laufe wie ein L\u00e4ufer, der das Ziel nicht aus den Augen verliert, und k\u00e4mpfe wie ein Boxer, dessen Schl\u00e4ge nicht ins Leere gehen.\u201c<br \/>\n<\/em> (1.Korinther 9,24-26)<\/p>\n<p><em>\u201eIch laufe mit ganzer Kraft dem Ziel entgegen, um den Siegespreis zu bekommen \u2013 den Preis, der in der Teilhabe an der himmlischen Welt besteht, zu der uns Gott durch Jesus Christus berufen hat.\u201c<\/em> (Philipper 3,14)<\/p>\n<p><em>\u201eWir wollen alles ablegen, was uns beim Laufen hindert, uns von der S\u00fcnde trennen, die uns so leicht gefangen nimmt, und unseren Blick auf Jesus richten, den Wegbereiter des Glaubens, der uns ans Ziel vorausgegangen ist.\u201c<\/em> (Hebr\u00e4er 12,1-2)<\/p><\/blockquote>\n<div class=\"sideimg\"><img decoding=\"async\" src=\"http:\/\/strawinsky.net\/wp-content\/uploads\/2012\/11\/dancing_with_books-300x241.jpg\" alt=\"\" title=\"Tanzende B\u00fccher\" width=\"251\" class=\"imgborder size-medium wp-image-189\" \/><\/div>\n<p>Der Unterschied zwischen einem Marathon bei den Olympischen Spielen und unserem geistlichen Leben ist, dass unser Rennen nicht in k\u00f6rperlicher Form, sondern in unserem Geist und Verstand abl\u00e4uft.<\/p>\n<p>Jeder w\u00fcrde sicherlich zustimmen, dass man trainieren und seinen K\u00f6rper disziplinieren muss, wenn man einen Marathon laufen will. Mit Sicherheit w\u00e4re es f\u00fcr jeden einzelnen von uns \u00e4u\u00dferst schwierig ein Rennen mit der Figur des Gloglogabgalab zu laufen.<\/p>\n<p>Aber genau das sehe ich so oft in dem Leben vieler Christen. Wir verbringen jeden Tag drei bis vier Stunden damit, geistliches und geistiges Fast Food zu konsumieren, indem wir alles in uns aufnehmen, was uns in der Mainstream-Kultur und den Medien begegnet. Unsere einzige gesunde geistige und geistliche Nahrung nehmen wir am Sonntagmorgen zu uns und vielleicht noch w\u00e4hrend der Woche in einem Hauskreis.<\/p>\n<h3>Bist Du ein Globglogabgalab?<\/h3>\n<p>Bitte glaube mir eines \u2013 ich bin nicht gegen Kultur, Musik, Medien, Unterhaltung und Filme. Ich h\u00f6re st\u00e4ndig Musik und liebe es Filme zu sehen. Allein die Tatsache, dass ich mehrere Jahre damit verbracht habe an einem 3d-Animationsfilm zu arbeiten, sollte das belegen. Ich glaube nicht, dass es grunds\u00e4tzlich falsch ist, die Mainstream-Medien in kontrolliertem und \u00fcberlegtem Ausma\u00df zu konsumieren, genauso wie es nicht schadet ab und zu McDonalds oder Fast Food zu essen.<\/p>\n<p>Trotzdem glaube ich, dass viele Christen mittlerweile an einem Punkt angelangt sind, an dem die Balance ins Extrem abgedriftet ist und wo geistiges und geistliches Fast Food als normal und gesund gelten, w\u00e4hrend die biblische \u201eErneuerung unserer Sinne und Gedanken\u201c selten ist und auf passive, w\u00f6chentliche Gemeinde-Aktivit\u00e4ten verschoben wird.<\/p>\n<div class=\"sideimg\"><img decoding=\"async\" src=\"http:\/\/strawinsky.net\/wp-content\/uploads\/2012\/11\/the_globglogabgalab_appears-300x205.jpg\" alt=\"\" title=\"Der Globglogabgalab erscheint\" width=\"251\" class=\"imgborder size-medium wp-image-190\" \/><\/div>\n<p>Hier ist meine Herausforderung f\u00fcr Dich:<\/p>\n<ol>\n<li>Bist Du geistlich und geistig \u00fcbergewichtig und f\u00fctterst Dich st\u00e4ndig mit jeder Art von Unterhaltung, die Du finden kannst? Verbringst Du mehr Zeit im Laufe eines Tages damit, fernzusehen, als Du f\u00fcr Deine Zeit mit Gott in einer ganzen Woche verwendest?<\/li>\n<li>Liest Du die Bibel oder christliche B\u00fccher gerne? Ein Zeichen daf\u00fcr, mit dem Geist Gottes gef\u00fcllt zu sein, ist Ver\u00e4nderung in unseren W\u00fcnschen, die uns zu Gottes Wort hintreibt und die Sehnsucht n\u00e4hrt, von Ihm zu h\u00f6ren und mit unserem Leben etwas zu bewirken.<\/li>\n<li>Mit Sicherheit hast Du das Gleichnis von den Talenten in der Geschichte erkannt. Welche Talente hat Gott Dir geben? Investierst Du Zeit, Geld oder andere Mittel in das, was Gott gef\u00e4llt? Was w\u00fcrde Gott zu Dir sagen, wenn er heute wiederk\u00e4me?<\/li>\n<\/ol>\n<p>Inspiziere Deine geistliche Di\u00e4t! F\u00fchre einen Monat lang eine detaillierte Liste \u00fcber die Filme, Fernsehsendungen, Medien, Unterhaltungsprogramme aber auch \u00fcber die christlichen Inhalte (Bibel, Predigten, B\u00fccher etc.), die Du konsumierst. Dann beginne zu planen, wie Du Deine freie Zeit besser einteilen kannst, um geistig und geistlich gest\u00e4rkt zu werden und effektiver Deine Gedanken zu erneuern. Bete, dass Gott Dich mit seinem Heiligen Geist f\u00fcllt, damit Du in seiner Kraft leben kannst und er Dir hilft, Deine geistige und geistliche Ern\u00e4hrung sowie Deinen Konsum zu \u00e4ndern.<\/p>\n<hr\/>\n<p><b>Weitere hilfreiche Internetseiten (leider im Moment nur auf Englisch \u2013 ich bin noch auf der Suche nach guten deutschen christlichen Internetseiten):<\/b><\/p>\n<p><a href=\"http:\/\/www.atheistmovie.com\/\" target=\"_blank\" rel=\"noopener noreferrer\"><img loading=\"lazy\" decoding=\"async\" src=\"http:\/\/strawinsky.net\/wp-content\/uploads\/2018\/03\/atheist_delusion_banner.jpg\" alt=\"\" width=\"480\" height=\"183\" class=\"size-full wp-image-606\" \/><\/a><\/p>\n<p><a href=\"http:\/\/us-en.superbook.cbn.com\/videos\" target=\"_blank\" rel=\"noopener noreferrer\"><img loading=\"lazy\" decoding=\"async\" src=\"http:\/\/strawinsky.net\/wp-content\/uploads\/2018\/03\/superbook_banner.jpg\" alt=\"\" width=\"480\" height=\"178\" class=\"size-full wp-image-607\" \/><\/a><\/p>\n<hr\/>\n<p><a href=\"http:\/\/strawinsky.net\/de\/shop\/\" style=\"font-size: 21px; text-align: center; display: block; margin-right: 35px\"><img loading=\"lazy\" decoding=\"async\" src=\"http:\/\/strawinsky.net\/wp-content\/uploads\/2012\/11\/strawinsky_dvd_eng-282x300.png\" alt=\"Strawinsky DVD\" width=\"282\" height=\"300\" class=\"alignleft size-medium wp-image-208\" style=\"float:left; margin: 0px 0px 10px -25px;\"\/><\/p>\n<p>Bist du neugierig und m\u00f6chtest den ganzen Film sehen? Hol dir deine Kopie des Filmes hier!<\/a><\/p>\n<div style=\"clear: both\">\n<hr\/>\n<p><strong>Das k\u00f6nnte dich vielleicht auch interessieren:<\/strong><br \/>\n<a href=\"http:\/\/strawinsky.net\/de\/hintergrund\/die-entstehung-von-strawinsky\/\">> Die Entstehung von Strawinsky<\/a><br \/>\n<a href=\"http:\/\/strawinsky.net\/de\/hintergrund\/die-botschaft-von-strawinsky\/\">> Die Botschaft von Strawinsky<\/a><br \/>\n<a href=\"http:\/\/strawinsky.net\/de\/hintergrund\/wunder-meine-personliche-heilungsgeschichte\/\">> Wunder \u2013 meine pers\u00f6nliche Heilungsgeschichte<\/a><br \/>\n<a href=\"http:\/\/strawinsky.net\/de\/hintergrund\/wer-ist-die-rotfarbene-konigin\/\">> Wer ist die rotfarbene K\u00f6nigin?<\/a><\/p>\n<\/div>\n","protected":false},"excerpt":{"rendered":"<p>Der folgende Artikel ist f\u00fcr Christen geschrieben. Wenn Du nicht an Jesus glaubst und Dein Vertrauen nicht auf ihn setzt, wird das hier f\u00fcr Dich wahrscheinlich nicht viel Sinn ergeben. Es ist eine Botschaft und ein Aufruf an jeden, der sich selbst als Nachfolger Jesu Christi sieht und etwas, das mir in den letzten Jahren, w\u00e4hrend ich an dem Animations-Projekt arbeitete, immer wichtiger wurde\u2026<\/p>\n","protected":false},"author":1,"featured_media":0,"parent":7,"menu_order":0,"comment_status":"open","ping_status":"open","template":"article.php","meta":{"footnotes":""},"class_list":["post-87","page","type-page","status-publish","hentry"],"_links":{"self":[{"href":"http:\/\/strawinsky.net\/de\/wp-json\/wp\/v2\/pages\/87","targetHints":{"allow":["GET"]}}],"collection":[{"href":"http:\/\/strawinsky.net\/de\/wp-json\/wp\/v2\/pages"}],"about":[{"href":"http:\/\/strawinsky.net\/de\/wp-json\/wp\/v2\/types\/page"}],"author":[{"embeddable":true,"href":"http:\/\/strawinsky.net\/de\/wp-json\/wp\/v2\/users\/1"}],"replies":[{"embeddable":true,"href":"http:\/\/strawinsky.net\/de\/wp-json\/wp\/v2\/comments?post=87"}],"version-history":[{"count":17,"href":"http:\/\/strawinsky.net\/de\/wp-json\/wp\/v2\/pages\/87\/revisions"}],"predecessor-version":[{"id":184,"href":"http:\/\/strawinsky.net\/de\/wp-json\/wp\/v2\/pages\/87\/revisions\/184"}],"up":[{"embeddable":true,"href":"http:\/\/strawinsky.net\/de\/wp-json\/wp\/v2\/pages\/7"}],"wp:attachment":[{"href":"http:\/\/strawinsky.net\/de\/wp-json\/wp\/v2\/media?parent=87"}],"curies":[{"name":"wp","href":"https:\/\/api.w.org\/{rel}","templated":true}]}}