{"id":78,"date":"2013-01-05T15:14:25","date_gmt":"2013-01-05T15:14:25","guid":{"rendered":"http:\/\/strawinsky.net\/de\/?page_id=78"},"modified":"2013-08-21T19:47:23","modified_gmt":"2013-08-21T19:47:23","slug":"wunder-meine-personliche-heilungsgeschichte","status":"publish","type":"page","link":"http:\/\/strawinsky.net\/de\/hintergrund\/wunder-meine-personliche-heilungsgeschichte\/","title":{"rendered":"Wunder \u2013 meine pers\u00f6nliche Heilungsgeschichte"},"content":{"rendered":"<div class=\"sideimg\" style=\"margin-top:-30px\"><img decoding=\"async\" class=\"imgborder size-full wp-image-164\" title=\"Michael und David\" src=\"http:\/\/strawinsky.net\/wp-content\/uploads\/2012\/11\/michael_und_david.jpg\" alt=\"\" width=\"251\" \/><\/div>\n<h3>Kleine Anf\u00e4nge<\/h3>\n<p>Ich bin generell nicht sehr gro\u00df, was heutzutage nicht wirklich ein Problem ist, da ich jetzt viele Leute kenne die auch so klein sind wie ich. Als ich f\u00fcnf Jahre alt war, fiel schon auf, dass ich um einiges kleiner war als andere Jungs in meinem Alter. Aus irgendeinem Grund \u00fcberzeugte unser Hausarzt meine Eltern, mit mir in ein Kinderkrankenhaus zu gehen, um einige Tests durchzuf\u00fchren. Diese sollten zeigen, ob irgendetwas nicht mit mir stimmte oder mein k\u00f6rperliches Wachstum hemmte.<\/p>\n<h3>Im Urlaub im Krankenhaus<\/h3>\n<p>Ich kann mich immer noch lebhaft daran erinnern, wie wir zu unserem viert\u00e4gigen \u201eUrlaub\u201c mit meiner Mutter im Kinderkrankenhaus aufgebrochen waren. Meine Mutter durfte bleiben und mit mir in einem Zimmer schlafen, wovon ich begeistert war, da ich sie aus meiner Sicht endlich allein f\u00fcr mich hatte und nicht mit meinem Bruder oder Schwester teilen musste.<\/p>\n<p>Die ersten Tage liefen sehr gut. Ich musste mich einigen Tests unterziehen, die gar nicht so schlimm waren, und hatte eine tolle Zeit zusammen mit meiner Mutter, die mir Geschichten vorlas, mit mir spielte und spazieren ging. An einem der Tage war eine neue, experimentelle Behandlung angesetzt, die an mir ausprobiert werden sollte. Dabei sollte mein Blutzuckerlevel durch Insulin auf ein bestimmtes Niveau abgesenkt werden, um schl\u00fcssige Ergebnisse zu erhalten. Als der Arzt mit der Behandlung begann und ich zum ersten Mal die Nadel seiner Spritze sah, rastete ich aus (was wahrscheinlich jeder f\u00fcnfj\u00e4hrige Junge getan h\u00e4tte), woraufhin der Arzt und die Krankenschwestern beschlossen, es sei am besten, mich durch eine leichte Narkose ruhig zu stellen, damit ich nicht alle Kabel aus der Maschine riss, an die ich angeschlossen wurde. Mehrere Krankenschwestern hielten mich fest, w\u00e4hrend ich noch versuchte gegen den Arzt anzuk\u00e4mpfen, der mich in Narkose versetzte.<\/p>\n<h3>Eine \u00dcberdosis Insulin<\/h3>\n<p>Ich kann mich selbst nicht mehr daran erinnern, was an den n\u00e4chsten eineinhalb Tagen passierte, aber meine Mutter erz\u00e4hlte es mir und ich las ihren Tagebucheintrag, den sie schrieb als alles gerade passiert war und noch frisch in ihrer Erinnerung war.\u00a0<\/p>\n<p>Nachdem ich eingeschlafen war, schloss mich der Arzt an ein Ger\u00e4t an, das anzeigen sollte, wann ich der gew\u00fcnschte Blutzuckerspiegel erreicht war, der n\u00f6tig war f\u00fcr die folgenden Tests. Mir wurde also Insulin gespritzt, um den Blutzuckerspiegel zu senken und der Arzt und die Krankenschwestern beobachteten die Anzeigen ihres Ger\u00e4ts, w\u00e4hrend die Werte langsam zu sinken begannen.<\/p>\n<div class=\"sideimg\"><img loading=\"lazy\" decoding=\"async\" src=\"http:\/\/strawinsky.net\/wp-content\/uploads\/2012\/11\/hospital-300x203.jpg\" alt=\"\" title=\"Krankenhaus\" width=\"251\" height=\"203\" class=\"imgborder size-medium wp-image-171\" \/><\/div>\n<p>Leider bemerkten der Arzt und das medizinische Personal nicht, dass ihr Ger\u00e4t nicht fehlerfrei funktionierte. Zudem war der Arzt sehr jung und hatte gerade erste sein Studium abgeschlossen. Deshalb wunderte er sich nicht, warum das Ger\u00e4t anzeigte, dass mir h\u00f6here Dosen an Insulin verabreicht werden m\u00fcssten, um meinen Blutzuckerspiegel auf das gew\u00fcnschte Niveau abzusenken.<\/p>\n<p>Aus dem Tagebucheintrag meiner Mutter kann ich entnehmen, dass mir zuerst drei Einheiten Insulin gespritzt wurden. Weil das Ger\u00e4t eine h\u00f6here Menge Insulin forderte, erh\u00f6hte der Arzt die Dosen und gab mir +2, +2, +2, +4, +6, +9, +11, +13, +15, +20, +30 Einheiten. Dann entschloss er sich endlich, Rat von seinen Kollegen einzuholen, da sein Ger\u00e4t weiterhin anzeigte, dass der Blutzuckerspiegel noch nicht niedrig genug war.<\/p>\n<h3>D\u00fcstere Prognosen<\/h3>\n<p>Man kann sich vorstellen, welche Panik ausbrach, als das Krankenhauspersonal feststellte, dass ihr Ger\u00e4t defekt war. Da ich sowieso schon seit Beginn des Tests unter Narkose stand, bemerkte der Arzt den Schock und das Koma, in das mein K\u00f6rper aufgrund der \u00fcberm\u00e4\u00dfigen Verabreichung von Insulin fiel, nicht. Das medizinische Personal versuchte r\u00fcckg\u00e4ngig zu machen, was m\u00f6glich war, aber musste feststellen, dass der Mangel an Zucker in meinem Blut, der durch die enorme Menge an Insulin ausgel\u00f6st wurde, wahrscheinlich schon zu gro\u00dfen irreparablen Schaden angerichtet hatte. Die \u00c4rzte kamen zu meinen Eltern und entschuldigten sich, aber mussten ihnen sagen, dass ich entweder sterben w\u00fcrde oder im besten Fall als schwer geistig behindertes Kind wieder aufwachen w\u00fcrde.<\/p>\n<h3>Eine Antwort auf Gebet<\/h3>\n<p>Da meine Eltern Christen sind und all ihr Vertrauen auf die Bibel und die Auferstehung Jesu Christi setzen, suchten sie Hilfe im Gebet und baten alle ihre christlichen Freunde f\u00fcr mich zu beten w\u00e4hrend ich im Koma lag. Zu der \u00dcberraschung der \u00c4rzte wachte ich einige Stunden sp\u00e4ter aus meinem Koma auf, kerngesund \u2013 ohne irgendwelche Beeintr\u00e4chtigungen im Gehirn oder eine geistige Behinderung \u2013 Folgesch\u00e4den, die von den \u00c4rzten als bestm\u00f6gliches Resultat vorausgesagt worden waren.<\/p>\n<hr\/>\n<p><strong>Das k\u00f6nnte dich vielleicht auch interessieren:<\/strong><br \/>\n<a href=\"http:\/\/strawinsky.net\/de\/hintergrund\/die-entstehung-von-strawinsky\/\">> Die Entstehung von Strawinsky<\/a><br \/>\n<a href=\"http:\/\/strawinsky.net\/de\/hintergrund\/die-botschaft-von-strawinsky\/\">> Die Botschaft von Strawinsky<\/a><br \/>\n<a href=\"http:\/\/strawinsky.net\/de\/hintergrund\/geistliches-fast-food-im-grossen-wettlauf\/\">> Geistliches Fast Food im gro\u00dfen Wettlauf<\/a><br \/>\n<a href=\"http:\/\/strawinsky.net\/de\/hintergrund\/wer-ist-die-rotfarbene-konigin\/\">> Wer ist die rotfarbene K\u00f6nigin?<\/a><\/p>\n","protected":false},"excerpt":{"rendered":"<p>Einer der h\u00e4ufigsten Einw\u00e4nde gegen die Bibel ist, dass sie nicht wahr oder historisch genau sein kann, weil sie \u00fcbernat\u00fcrlichen Ereignissen beinhaltet. Wenn Gott aber existiert, warum sollte er denn nicht selbst in unsere Welt eingreifen und Wunder tun k\u00f6nnen?<\/p>\n<p>Wunder in der Bibel sind nicht die Norm. Sie werden als etwas Au\u00dfergew\u00f6hnliches dargestellt. Genauso werden Wunder nicht einfach \u00fcberall um uns herum passieren, sobald wir Christen werden. Trotzdem dachte ich, es w\u00e4re hilfreich hier von einer meiner eigenen Wundererfahrungen zu berichten.<\/p>\n","protected":false},"author":1,"featured_media":0,"parent":7,"menu_order":0,"comment_status":"open","ping_status":"open","template":"article.php","meta":{"footnotes":""},"class_list":["post-78","page","type-page","status-publish","hentry"],"_links":{"self":[{"href":"http:\/\/strawinsky.net\/de\/wp-json\/wp\/v2\/pages\/78","targetHints":{"allow":["GET"]}}],"collection":[{"href":"http:\/\/strawinsky.net\/de\/wp-json\/wp\/v2\/pages"}],"about":[{"href":"http:\/\/strawinsky.net\/de\/wp-json\/wp\/v2\/types\/page"}],"author":[{"embeddable":true,"href":"http:\/\/strawinsky.net\/de\/wp-json\/wp\/v2\/users\/1"}],"replies":[{"embeddable":true,"href":"http:\/\/strawinsky.net\/de\/wp-json\/wp\/v2\/comments?post=78"}],"version-history":[{"count":12,"href":"http:\/\/strawinsky.net\/de\/wp-json\/wp\/v2\/pages\/78\/revisions"}],"predecessor-version":[{"id":149,"href":"http:\/\/strawinsky.net\/de\/wp-json\/wp\/v2\/pages\/78\/revisions\/149"}],"up":[{"embeddable":true,"href":"http:\/\/strawinsky.net\/de\/wp-json\/wp\/v2\/pages\/7"}],"wp:attachment":[{"href":"http:\/\/strawinsky.net\/de\/wp-json\/wp\/v2\/media?parent=78"}],"curies":[{"name":"wp","href":"https:\/\/api.w.org\/{rel}","templated":true}]}}