{"id":66,"date":"2012-12-23T20:30:24","date_gmt":"2012-12-23T20:30:24","guid":{"rendered":"http:\/\/strawinsky.net\/de\/?page_id=66"},"modified":"2020-11-21T10:20:07","modified_gmt":"2020-11-21T10:20:07","slug":"die-botschaft-von-strawinsky","status":"publish","type":"page","link":"http:\/\/strawinsky.net\/de\/hintergrund\/die-botschaft-von-strawinsky\/","title":{"rendered":"Die Botschaft von Strawinsky"},"content":{"rendered":"<div class=\"sideimg\" style=\"margin-top: -30px;\"><img decoding=\"async\" class=\"imgborder size-full wp-image-179\" title=\"Beim Anh\u00f6ren der Strawinsky H\u00f6rspielkassetten\" src=\"http:\/\/strawinsky.net\/wp-content\/uploads\/2012\/11\/listening_to_the_strawinsky_audio_drama.jpg\" alt=\"\" width=\"251\" \/><\/div>\n<h3>Saat des Glaubens<\/h3>\n<p>Wie ich schon zuvor erw\u00e4hnt habe, bin ich Christ. Ich wuchs in einer christlichen Familie auf und hatte Eltern, die Gott liebten, mir von klein auf biblische Geschichten erz\u00e4hlten, mich lehrten wie man betet und mich mit einem biblischen Weltbild pr\u00e4gten. Eigentlich hatte ich eine sehr gl\u00fcckliche Kindheit. Nie hatte ich das Gef\u00fchl, dass mir der Glaube meiner Eltern aufgedr\u00e4ngt wurde oder dass er nur aus starren irrationalen Regeln und Vorschriften bestand. Ganz im Gegenteil wurde er mir vorgelebt als etwas Reales, Begeisterndes und M\u00e4chtiges. Meine Eltern waren immer offen f\u00fcr unsere Fragen und lie\u00dfen es zu, dass wir hinterfragten, was sie uns lehrten aufgrund von Argumenten, die wir in der Schule, von Freunden oder im Fernsehen geh\u00f6rt hatten.<\/p>\n<p>Im Laufe der Zeit lernten wir immer mehr \u00fcber die Bibel und wie wir sie auf unser pers\u00f6nliches Leben anwenden konnten. Vieles davon war eigentlich ganz leicht zu verstehen und wann immer wir Interesse an einem speziellen Thema zeigten, versuchten unsere Eltern uns unterhaltsames Material wie H\u00f6rspielkassetten, B\u00fccher, Videos und Zeitschriften zu geben \u2013 wie zum Beispiel die Strawinsky-Erz\u00e4hlungen. Als Kinder liebten wir es, wenn H\u00f6rspielkassetten im Hintergrund liefen, w\u00e4hrend wir uns mit unseren Spielzeugen besch\u00e4ftigten, etwas Bastelten oder lange Autofahrten \u00fcberstehen mussten.<\/p>\n<p>Insgesamt muss ich sagen, dass Strawinsky nicht auf besonders offensichtliche und direkte Art und Weise eine Botschaft vermittelt. Da sich die Geschichte auf unterschiedlichen Ebenen abspielt, kann man eigentlich sehr einfach viele der Wahrheiten, die in den Charakteren und Erz\u00e4hlungs-Elementen verborgen sind, \u00fcbersehen. Aber da die Kassetten bei uns oft im Hintergrund liefen und so auch meine Eltern mith\u00f6rten, konnten sie danach mit uns dar\u00fcber sprechen, uns Fragen dazu stellen und uns auf einige, der in den Geschichten versteckten, wertvollen Gedanken aufmerksam machen. Manche Leute meinen dass die Botschaft der Strawinsky-Serie f\u00fcr Kinder zu schwer zu erkennen ist. Ich bin aber \u00fcberzeugt dass wir nie die Macht von Geschichten und den Verstand von Kindern untersch\u00e4tzen sollen!<\/p>\n<p>Welche sind also die zentralen Lehren in \u201eStrawinsky und das geheimnisvolle Haus\u201c? Und welche Botschaft enth\u00e4lt die Geschichte f\u00fcr Menschen, die nicht religi\u00f6s sind, nicht an Gott glauben oder sich nie viele Gedanken dar\u00fcber gemacht haben?<\/p>\n<h3>Der Kampf um unsere Gedanken<\/h3>\n<div class=\"sideimg\"><img decoding=\"async\" class=\"imgborder size-medium wp-image-185\" title=\"Ich will nur meine B\u00fccher!\" src=\"http:\/\/strawinsky.net\/wp-content\/uploads\/2012\/11\/i_only_want_my_books-300x190.jpg\" alt=\"\" width=\"251\" \/><\/div>\n<p>Gegen Ende des Films sagt der Globglogabgalab zu Strawinsky:<\/p>\n<blockquote><p>\u201c<em>Die rotfarbene K\u00f6nigin ist doch immer im Auftrag des gro\u03b2en Elohim unterwegs \u2013 nicht wahr? Und der gro\u03b2e Elohim lies mir durch sie sagen dass ich mich entscheiden solle wem ich dienen wolle. Ihm oder dem Rattenk\u00f6nig. Tja \u2013 aber ich will niemanden dienen. Ich will nur meine B\u00fccher! Und da hab ich mich hier versteckt.<\/em>\u201d<\/p><\/blockquote>\n<p>Du bist dir sicher bewusst, dass unsere Leben sehr hektisch und vollgepackt sind und wir t\u00e4glich mit Millionen von Informationen konfrontiert werden. Um dabei einen klaren Verstand zu behalten, m\u00fcssen wir filtern, welche Informationen f\u00fcr uns relevant erscheinen und den Rest ignorieren. Nach der Arbeit wollen wir nur noch abschalten und durch irgendein Unterhaltungsprogramm abgelenkt und belustigt werden. Ist dir das folgende jemals aufgefallen?<\/p>\n<blockquote><p>\u201e<em>Der ganze \u00f6ffentliche Diskurs nimmt immer mehr die Form der Unterhaltung an. Unsere Politik, Religion, Weltanschauung, Nachrichten, Sport, Bildung und Gesch\u00e4ftswelt sind zu Marionetten des Show Business geworden, ohne dass jemand dagegen protestiert h\u00e4tte oder es in der \u00d6ffentlichkeit wahrgenommen wurde. Das Resultat ist dass wir eine Gesellschaft sind, die kurz davor steht, sich zu Tode zu am\u00fcsieren.<\/em>\u201d (Stockman, 2001)<\/p><\/blockquote>\n<p>Gott hat uns folgendes versprochen: \u201e<em>Und sucht ihr mich, so werdet ihr mich finden, ja, fragt ihr mit eurem ganzen Herzen nach mir, so werde ich mich von euch finden lassen, spricht der HERR.<\/em>\u201d (Jeremiah  29:13). Das Problem ist, dass wir so von unserem eigenen Leben, den Medien und der Unterhaltung so abgelenkt sind, dass wir Gott nicht suchen wollen. \u00c4hnlich zu der Figur des Globglogabgalab m\u00f6chten wir keine Entscheidung treffen. Alles, was wir wollen, sind unsere \u201eB\u00fccher\u201c.<\/p>\n<h3>Die Wahrheit ist wirklich da drau\u00dfen<\/h3>\n<p>Vor kurzem stie\u00df ich auf ein sehr interessantes Zitat von Richard Wurmbrand, ein rum\u00e4nischer christlicher Pastor, der wegen seinem Glauben einige Jahre unter Folter im Gef\u00e4ngnis verbringen musste:<\/p>\n<blockquote><p>\u201c<em>Es ist erstaunlich wie viele Intellektuelle sich Agnostiker nennen, ohne zu wissen, dass dies das griechische Wort f\u00fcr ignorant ist. Es ist eine Schande ignorant zu sein, wenn man die M\u00f6glichkeit hat, Wissen zu erwerben. Die christliche Religion gibt zufriedenstellende Antworten auf die ultimativen Probleme unseres Lebens.<\/em>\u201d<\/p><\/blockquote>\n<p>Im Laufe der letzten Jahre begann ich viele logische und intelligente Argumente und Beweise f\u00fcr den christlichen Glauben zu finden. Ebenso ist man auch total fasziniert, wenn man beginnt die Bibel zu lesen und entdeckt, wie konsequent ihre Botschaft ist im Gegenteil zu dem, was so manchmal behauptet wird. Ich spiele gerade mit dem Gedanken als Grundlage f\u00fcr meinen n\u00e4chsten Film einige dieser Beweise, zum Beispiel historische und logische Belege sowie Indizien f\u00fcr die Auferstehung Christi, zu nehmen.<\/p>\n<h3>Der schwere (und oft umstrittene) Teil&#8230;<\/h3>\n<div class=\"sideimg\"><img decoding=\"async\" src=\"http:\/\/strawinsky.net\/wp-content\/uploads\/2012\/11\/the_three_fugitives-300x173.jpg\" alt=\"\" title=\"Die drei Bewohner des geheimnisvollen Hauses\" width=\"251\" class=\"imgborder size-medium wp-image-180\" \/><\/div>\n<p>\u00c4hnlich wie die Situation des Globglogabgalab, des Cellos und Gulbert Bibberkralls sagt uns die Bibel, dass wir alle eine Entscheidung treffen m\u00fcssen, wem wir dienen wollen. Der Punkt, womit die Leute am meisten Probleme haben und mit dem sie nicht \u00fcbereinstimmen k\u00f6nnen, ist die klare, direkte und eindeutige Aussage der Bibel, dass alle Menschen gefallen, S\u00fcnder und von Natur aus nicht gut sind:<\/p>\n<blockquote><p>\u201e<em>Keiner ist gerecht, auch nicht einer.<br \/>\nKeiner ist klug, keiner fragt nach Gott.<br \/>\nAlle sind vom richtigen Weg abgewichen,<br \/>\nkeinen Einzigen kann Gott noch gebrauchen.<br \/>\nKeiner handelt so, wie es gut w\u00e4re, nicht ein Einziger.<\/em>\u201d\u00a0<br \/>\n(R\u00f6mer 3,10-12)<\/p><\/blockquote>\n<p>Moderne Psychologie behauptet oft das Gegenteil \u2013 Menschen sind grunds\u00e4tzlich gut und m\u00fcssen nur erzogen und befreit werden. Aber dabei fragt man sich, warum wir unseren Kindern beibringen m\u00fcssen wie man \u201egut\u201c ist, aber ihnen nie klarmachen m\u00fcssen, wie man rebellisch ist und sich daneben benimmt. <\/p>\n<p>Wie k\u00f6nnen wir das B\u00f6se erkl\u00e4ren, das wir t\u00e4glich in den Nachrichten sehen? Und wie definieren wir \u201egut\u201c \u00fcberhaupt? Viele Leute behaupten, dass sie von Natur aus gut sind \u2013 aber aufgrund von welchem Ma\u00dfstab?<\/p>\n<p>Der Ma\u00dfstab der Bibel ist sehr hoch:<\/p>\n<blockquote><p>\u201e<em>Jeder, der seinen Bruder oder seine Schwester hasst, ist ein M\u00f6rder, und ihr wisst, dass kein M\u00f6rder ewiges Leben hat; das Leben, das Gott uns schenkt, ist nicht in ihm.<\/em>\u201d (1.Johannes 3,15)<\/p>\n<p>\u201e<em>Ihr wisst, dass es hei\u00dft: \u203aDu sollst nicht die Ehe brechen!\u2039 Ich aber sage euch: Jeder, der eine Frau mit begehrlichem Blick ansieht, hat damit in seinem Herzen schon Ehebruch mit ihr begangen.<\/em>\u201d\u00a0(Matth\u00e4us 5,27-28)<\/p><\/blockquote>\n<div class=\"sideimg\"><img decoding=\"async\" src=\"http:\/\/strawinsky.net\/wp-content\/uploads\/2012\/11\/a_worried_gulbert_bibberkrall.jpg\" alt=\"\" title=\"Ein sehr beunruhigter Gulbert Bibberkrall\" width=\"251\" class=\"imgborder size-full wp-image-186\" \/><\/div>\n<p>Oft sind wir versucht, unsere Schw\u00e4chen (wie beispielsweise L\u00fcgen, Geiz und Bitterkeit) als relativ unbedeutend abzutun im Gegensatz zu \u201egr\u00f6\u00dferen\u201c Problemen und schlimmeren S\u00fcndern als uns selbst um uns herum.  Aber ein heiliger und guter Gott m\u00fcsste eigentlich jeden einzelnen von uns mit seinen Handlungen vor Gericht stellen. Wenn er die meisten Leute einfach davonkommen lassen w\u00fcrde, w\u00e4hrend er sich um \u201edie schlimmsten S\u00fcnder\u201c k\u00fcmmert, w\u00e4re er nicht konsequent, gerecht und objektiv in seiner Herrschaft.<\/p>\n<p>Viele Leute denken, eigentlich ganz gute Leute zu sein, solange nur ihre guten Taten ihre Schlechten \u00fcberwiegen. Aber was w\u00fcrde man denken, wenn ich versuchte mich vor einem Richter zu verteidigen, dass ich nicht bei Rot an der Ampel angehalten habe, weil ich das letzte Mal bei Gr\u00fcn dort stehen geblieben sei. Oder dass ich zwei Leute habe t\u00f6ten d\u00fcrfen, nur weil ich zuvor zwei Kindern das Leben schenkte. Meine vorangehenden Handlungen sollten also die folgenden aufheben und aufwiegen, oder nicht? Das w\u00e4re nat\u00fcrlich vollkommen absurd. Aber genauso haben wir Gottes Gebote gebrochen und m\u00fcssen deshalb die Konsequenzen unserer Handlungen tragen.<\/p>\n<p>Hier ist ein weiteres Beispiel: Springt ein Mann ohne Fallschirm aus einem Flugzeug wird er sterben, weil er das Gesetz der Schwerkraft bricht. H\u00e4tte er sich zuvor einen Fallschirm angeschnallt, w\u00e4re er sicher gelandet. In gewisser Weise starb er, weil er keinen Fallschirm ben\u00fctzte. Aber der Hauptgrund ist eigentlich der, dass er das Gesetz der Schwerkraft brach. Genauso ziehen wir wenn wir Gottes Gebote brechen, seinen Zorn und seine gerechte Bestrafung auf uns: es ist ein einfaches (aber offensives) Gesetz der Ursache und Wirkung:<\/p>\n<blockquote><p>\u201e<em>Denn der Lohn, den die S\u00fcnde zahlt, ist der Tod; aber das Geschenk, das Gott uns in seiner Gnade macht, ist das ewige Leben in Jesus Christus, unserem Herrn.<\/em>\u201d (R\u00f6mer 6,23)<\/p><\/blockquote>\n<p>Ich hoffe, es ist nicht allzu schwer, mir zu folgen \u2013 wie ich schon zuvor erw\u00e4hnt habe, ist das Thema der S\u00fcnde und unserer gefallenen Natur eines der am schwersten zu begreifenden und offensivsten. Der englische Prediger Charles Spurgeon sagte im 18.Jahrhundert folgendes:<\/p>\n<blockquote><p>\u201e<em>Es gibt ein anderes Leben. Der Herr wird ein zweites Mal kommen. Das Gericht wird kommen. Der Zorn Gottes wird offenbar werden. Wo das noch nicht gepredigt wird, wage ich zu behaupten, wird das Evangelium gar nicht gepredigt. Es ist unbedingt notwendig, dass bei der Verk\u00fcndigung des Evangeliums von Jesus Christus die Menschen davor gewarnt werden, was passieren wird, wenn sie weiterhin in ihrer S\u00fcnde leben.<\/p>\n<p>Oh oh Herr Doktor, Sie sind zu feinf\u00fchlig dem Menschen zu sagen, dass er krank ist! Sie hoffen den Kranken zu heilen, ohne dass er \u00fcberhaupt wei\u00df, dass er krank ist. Sie schmeicheln ihm damit. Und was passiert danach? Sie freuen sich und tanzen auf ihren eigenen Gr\u00e4bern. Und schlie\u00dflich sterben sie! Ihre Feinf\u00fchligkeit ist Grausamkeit. Ihr Schmeicheln ist Gift. Sie sind ein M\u00f6rder. Sollen wir den Menschen im Narrenparadies halten? Sollen wir sie in sanften Schlummer singen, von dem sie in der H\u00f6lle aufwachen werden? Sollen wir noch zu Ihrer Verdammung beitragen durch unsere bes\u00e4nftigenden Reden? Im Namen Gottes werden wir das nicht tun.&#8221;<\/em><\/p><\/blockquote>\n<h3>Die gute Nachricht<\/h3>\n<div class=\"sideimg\"><img decoding=\"async\" src=\"http:\/\/strawinsky.net\/wp-content\/uploads\/2012\/11\/trapped_in_the_mysterious_library-300x173.jpg\" alt=\"\" title=\"Gefangen in der geheimnisvollen Bibliothek\" width=\"251\" class=\"imgborder size-medium wp-image-181\" \/><\/div>\n<p>Nachdem ich jetzt diesen schweren Teil meiner Botschaft hinter mir habe, ist das Folgende ein wenig leichter:<\/p>\n<p>Es ist unm\u00f6glich f\u00fcr uns, Gottes Gebote zu halten. Wir sind gefallen und von Natur aus S\u00fcnder \u2013 deshalb kann keiner von uns Gottes Ma\u00dfstab gerecht werden. Gott wei\u00df das und hat deshalb die Bestrafung selbst auf sich genommen durch den Tod Jesu Christi am Kreuz.<\/p>\n<blockquote><p>\u201e<em>Gott hingegen beweist uns seine Liebe dadurch, dass Christus f\u00fcr uns starb, als wir noch S\u00fcnder waren.<\/em>\u201d (R\u00f6mer 5,8)<\/p><\/blockquote>\n<p>In Geiselnahme-Szenarien kommt manchmal die Frage auf, wie viel ein menschliches Leben denn wert sei. Es f\u00e4llt uns schwer, das Leben einer einzelnen Person mit einem bestimmten Wert zu versehen \u2013 was dann k\u00f6nnte f\u00fcr die ganze Menschheit bezahlen? Die Bibel dr\u00fcckt sich klar aus, dass nur Gott selbst f\u00fcr unsere S\u00fcnden bezahlen kann. Deshalb wurde er Mensch in der Person Jesu Christi, lebte ein perfektes Leben ohne S\u00fcnde und war so in der Lage unsere Strafe auf sich zu nehmen. <\/p>\n<blockquote><p>\u201e<em>Denn Gott hat der Welt seine Liebe dadurch gezeigt, dass er seinen einzigen Sohn f\u00fcr sie hergab, damit jeder, der an ihn glaubt, das ewige Leben hat und nicht verloren geht.<\/em>\u201d (Johannes 3,16)<\/p><\/blockquote>\n<p>W\u00e4hrend wir uns nicht selbst retten k\u00f6nnen, m\u00fcssen wir ehrlich zu uns selbst sein, unsere s\u00fcndige Natur erkennen und Gott um Hilfe bitten. Die Bibel verspricht uns \u201e<em>jeder, der den Namen des Herrn anruft, wird gerettet werden.<\/em>\u201d (R\u00f6mer 10,13).<\/p>\n<blockquote><p>\u201e<em>Wenn du also mit deinem Mund bekennst, dass Jesus der Herr ist, und mit deinem Herzen glaubst, dass Gott ihn von den Toten auferweckt hat, wirst du gerettet werden. Denn man wird f\u00fcr gerecht erkl\u00e4rt, wenn man mit dem Herzen glaubt; man wird gerettet, wenn man den Glauben mit dem Mund bekennt. Darum hei\u00dft es in der Schrift: \u00bbJeder, der ihm vertraut, wird vor dem Verderben bewahrt werden.<\/em>\u201d (R\u00f6mer 10,9-11)<\/p>\n<p>\u201e<em>Doch wenn wir unsere S\u00fcnden bekennen, erweist Gott sich als treu und gerecht: Er vergibt uns unsere S\u00fcnden und reinigt uns von allem Unrecht, das wir begangen haben.<\/em>\u201d\u00a0(1.Johannes 1,9)<\/p>\n<p>\u201e<em>Denn ich habe kein Gefallen am Tod dessen, der sterben muss, spricht der HERR. So kehrt um, damit ihr lebt!<\/em>\u201d (Hesekiel 18,32)<\/p><\/blockquote>\n<h3>Eine Kirche voller Scheinheiliger<\/h3>\n<p>Einer der gr\u00f6\u00dften Vorw\u00fcrfe gegen das Christentum ist, dass die Kirche voller Scheinheiliger sei. Entkr\u00e4ftet das die Wahrheit der Bibel oder stellt es die Existenz Gottes in Frage? Nein, das tut es nicht. Jesus selbst sagte, dass wir uns vor falschen Propheten h\u00fcten sollen, vor W\u00f6lfen im Schafsgewand. Erkennen k\u00f6nnten wir sie an ihren Fr\u00fcchten (Matth\u00e4us 7,16). Wenn es also Leute gibt, die behaupten Christen zu sein, aber deren Leben ganz anders aussieht als das, was sie predigen oder sagen, dann tragen sie keine Fr\u00fcchte in ihrem Leben (wie zum Beispiel Liebe, Freundlichkeit, Friede, Hoffnung, Freude oder Geduld) \u2013 und sind h\u00f6chstwahrscheinlich gar keine Christen. Jesus selbst sagte folgendes:<\/p>\n<blockquote><p><em>\u201eNicht jeder, der zu mir sagt: \u203aHerr, Herr!\u2039, wird ins Himmelreich kommen, sondern nur der, der den Willen meines Vaters im Himmel tut. Viele werden an jenem Tag zu mir sagen: \u203aHerr, Herr! Haben wir nicht in deinem Namen prophetisch geredet, in deinem Namen D\u00e4monen ausgetrieben und in deinem Namen viele Wunder getan?\u2039 Dann werde ich zu ihnen sagen: \u203aIch habe euch nie gekannt. Geht weg von mir, ihr mit eurem gesetzlosen Treiben!\u2039\u201c<\/em> (Matth\u00e4us 7,21-23)<\/p><\/blockquote>\n<p>Letztendlich sind wir alle Menschen, mit Problemen, Fehlern und S\u00fcnde. Deshalb wird es in jeder Kirche oder Organisation Konflikte und Heuchler geben. Aber wir verurteilen schlie\u00dflich ja auch keine Krankenh\u00e4user daf\u00fcr, voll von kranken Menschen zu sein, oder? Genauso ist die Kirche voll von S\u00fcndern, die ihre Not erkannt haben und Hilfe und Heilung brauchen.<\/p>\n<blockquote><p><em>\u201eViele Leute haben die Kirche verlassen und beschweren sich dar\u00fcber, dass es dort zu viel Heuchelei g\u00e4be. Aber auch die Gesch\u00e4ftswelt ist voller scheinheiliger Leute und trotzdem h\u00f6rt niemand deshalb auf Geld zu verdienen. Die Beziehungen zwischen den Geschlechtern, Generationen und Nationen sind voller Heuchelei. Und trotzdem verlieben sich Menschen und leben miteinander. Nationen bestehen nebeneinander. Wie viele Menschen bleiben wirklich Single und unverheiratet, weil Ehe voller Heuchelei ist? \u2013 Ein Ort ist mit Sicherheit voller Scheinheiliger. Die H\u00f6lle. Anstatt einfach nicht in die Kirche zu gehen, weil wir die Leute nicht ertragen k\u00f6nnen, die nur vorzugeben versuchen, religi\u00f6s zu sein, sollten wir aufpassen nicht selbst auf direktem Weg zur H\u00f6lle zu sein, die voller Menschen mit falschen Herzen ist. In der Kirche sind wir nur f\u00fcr eine Stunde mit Heuchlern zusammen, in der H\u00f6lle f\u00fcr die Ewigkeit. Wer Scheinheiligkeit verabscheut, sollte sich \u00fcberlegen, wie man in den Himmel gelangen kann, der einzige Ort an dem echte Aufrichtigkeit zu finden ist.\u201c<\/em>\u00a0\u2013 Richard Wurmbrand<\/p><\/blockquote>\n<h3>Jetzt ist vielleicht Deine letzte Chance<\/h3>\n<div class=\"sideimg\"><img decoding=\"async\" src=\"http:\/\/strawinsky.net\/wp-content\/uploads\/2012\/11\/strawinskys_prayer-300x240.jpg\" alt=\"\" title=\"Strawinskys Gebet\" width=\"251\" class=\"imgborder size-medium wp-image-182\" \/><\/div>\n<p>Die Bibel sagt \u201e<em>Sucht den HERRN, w\u00e4hrend er sich finden l\u00e4sst! Ruft ihn an, w\u00e4hrend er nahe ist.<\/em>\u201d (Jesaja 55,6) \u2013 Vielleicht hast Du seit langem das Wort Gottes nicht so geh\u00f6rt, wie hier in diesem Booklet. Darf ich Dich herausfordern, Dich nicht einfach abzuwenden, sondern diese Gelegenheit zu n\u00fctzen  und mit ganzem Herzen nach der Wahrheit zu suchen, ob Gott existiert und die Bibel eine verl\u00e4ssliche Quelle ist? Wie schon zuvor in Jeremiah 29,13 erw\u00e4hnt wurde, l\u00e4sst Gott sich nicht finden, wenn wir nur halbherzig nach ihm suchen, ein paar Gedanken daran verlieren und dann einfach weitermachen.<\/p>\n<p>Wenn der christliche Glaube nur ein Irrtum ist und Gott nicht existiert, dann k\u00f6nnen wir das alles hinter uns zur\u00fcck lassen und \u201e<em>essen und trinken, denn morgen sterben wir!<\/em>\u201c (Jesaja 22,13).\u00a0C. S. Lewis, der Autor der Chroniken von Narnia dr\u00fcckte es folgenderma\u00dfen aus:\u00a0\u201e<em>Der christliche Glaube ist, wenn er nur ein Irrtum ist, absolut unwichtig und wenn er Wahrheit ist, von unendlich gro\u00dfer Bedeutung. Das einzige, was er nicht sein kann, ist einigerma\u00dfen wichtig.<\/em>\u201d<\/p>\n<p>Aus meiner eigenen Erfahrung heraus kann ich sagen, dass es sehr befreiend und lebensspendend ist die Wahrheit Gottes zu entdecken, sein Wort und seine Rettung durch Jesus Christus. Es gibt nichts, dass ich gegen den Sinn, die Hoffnung und die Sicherheit, die ich dadurch erlangt habe, eintauschen w\u00fcrde. Wenn Du m\u00f6chtest, schreibe mir eine Nachricht, die Kontaktdaten sind auf der Hope Animation Website zu finden. Ich w\u00fcrde Dir gerne dabei helfen, die Richtung zu finden, in die Du gehen musst, um Deine Reise fortzusetzen und Antworten auf einige der Fragen zu finden, die Du vielleicht hast. Darf ich Dich w\u00e4hrenddessen dazu herausfordern, das Lukasevangelium in der Bibel zu lesen? Es ist eigentlich ganz leicht zu verstehen, nicht sehr lang und wird Dir viel \u00fcber das Leben von Jesus erz\u00e4hlen.<\/p>\n<hr\/>\n<p><b>Weitere hilfreiche Internetseiten (leider im Moment nur auf Englisch &#8211; ich bin noch auf der Suche nach guten deutschen christlichen Internetseiten):<\/b><\/p>\n<p><a href=\"http:\/\/www.atheistmovie.com\/\" target=\"_blank\" rel=\"noopener noreferrer\"><img loading=\"lazy\" decoding=\"async\" src=\"http:\/\/strawinsky.net\/wp-content\/uploads\/2018\/03\/atheist_delusion_banner.jpg\" alt=\"\" width=\"480\" height=\"183\" class=\"size-full wp-image-606\" \/><\/a><\/p>\n<p><a href=\"http:\/\/us-en.superbook.cbn.com\/videos\" target=\"_blank\" rel=\"noopener noreferrer\"><img loading=\"lazy\" decoding=\"async\" src=\"http:\/\/strawinsky.net\/wp-content\/uploads\/2018\/03\/superbook_banner.jpg\" alt=\"\" width=\"480\" height=\"178\" class=\"size-full wp-image-607\" \/><\/a><\/p>\n<hr\/>\n<p><a href=\"http:\/\/strawinsky.net\/de\/shop\/\" style=\"font-size: 21px; text-align: center; display: block; margin-right: 35px\"><img loading=\"lazy\" decoding=\"async\" src=\"http:\/\/strawinsky.net\/wp-content\/uploads\/2012\/11\/strawinsky_dvd_eng-282x300.png\" alt=\"Strawinsky DVD\" width=\"282\" height=\"300\" class=\"alignleft size-medium wp-image-208\" style=\"float:left; margin: 0px 0px 10px -25px;\"\/><\/p>\n<p>Bist du neugierig und m\u00f6chtest den ganzen Film sehen? Hol dir deine Kopie des Filmes hier!<\/a><\/p>\n<div style=\"clear: both\">\n<hr\/>\n<p><strong>Das k\u00f6nnte dich vielleicht auch interessieren:<\/strong><br \/>\n<a href=\"http:\/\/strawinsky.net\/de\/hintergrund\/die-entstehung-von-strawinsky\/\">> Die Entstehung von Strawinsky<\/a><br \/>\n<a href=\"http:\/\/strawinsky.net\/de\/hintergrund\/wunder-meine-personliche-heilungsgeschichte\/\">> Wunder \u2013 meine pers\u00f6nliche Heilungsgeschichte<\/a><br \/>\n<a href=\"http:\/\/strawinsky.net\/de\/hintergrund\/geistliches-fast-food-im-grossen-wettlauf\/\">> Geistliches Fast Food im gro\u00dfen Wettlauf<\/a><br \/>\n<a href=\"http:\/\/strawinsky.net\/de\/hintergrund\/wer-ist-die-rotfarbene-konigin\/\">> Wer ist die rotfarbene K\u00f6nigin?<\/a><\/p>\n<\/div>\n","protected":false},"excerpt":{"rendered":"<p>&#8220;Strawinsky und das geheimnisvolle Haus&#8221; ist nicht nur eine Animation lediglich f\u00fcr Unterhaltung. Die Botschaft der Geschichte war eigentlich der Hauptgrund f\u00fcr mich wieso ich die schwere Aufgabe \u00fcbernahm diese Animation zu erstellen. Hier sind ein paar Gedanken \u00fcber die Botschaft des Filmes&#8230;<\/p>\n","protected":false},"author":1,"featured_media":0,"parent":7,"menu_order":0,"comment_status":"open","ping_status":"open","template":"article.php","meta":{"footnotes":""},"class_list":["post-66","page","type-page","status-publish","hentry"],"_links":{"self":[{"href":"http:\/\/strawinsky.net\/de\/wp-json\/wp\/v2\/pages\/66","targetHints":{"allow":["GET"]}}],"collection":[{"href":"http:\/\/strawinsky.net\/de\/wp-json\/wp\/v2\/pages"}],"about":[{"href":"http:\/\/strawinsky.net\/de\/wp-json\/wp\/v2\/types\/page"}],"author":[{"embeddable":true,"href":"http:\/\/strawinsky.net\/de\/wp-json\/wp\/v2\/users\/1"}],"replies":[{"embeddable":true,"href":"http:\/\/strawinsky.net\/de\/wp-json\/wp\/v2\/comments?post=66"}],"version-history":[{"count":15,"href":"http:\/\/strawinsky.net\/de\/wp-json\/wp\/v2\/pages\/66\/revisions"}],"predecessor-version":[{"id":182,"href":"http:\/\/strawinsky.net\/de\/wp-json\/wp\/v2\/pages\/66\/revisions\/182"}],"up":[{"embeddable":true,"href":"http:\/\/strawinsky.net\/de\/wp-json\/wp\/v2\/pages\/7"}],"wp:attachment":[{"href":"http:\/\/strawinsky.net\/de\/wp-json\/wp\/v2\/media?parent=66"}],"curies":[{"name":"wp","href":"https:\/\/api.w.org\/{rel}","templated":true}]}}