{"id":142,"date":"2013-08-21T19:40:54","date_gmt":"2013-08-21T19:40:54","guid":{"rendered":"http:\/\/strawinsky.net\/de\/?page_id=142"},"modified":"2013-08-21T19:44:29","modified_gmt":"2013-08-21T19:44:29","slug":"wer-ist-die-rotfarbene-konigin","status":"publish","type":"page","link":"http:\/\/strawinsky.net\/de\/hintergrund\/wer-ist-die-rotfarbene-konigin\/","title":{"rendered":"Wer ist die rotfarbene K\u00f6nigin?"},"content":{"rendered":"<p>Wie schon erw\u00e4hnt ist \u201eStrawinsky und das geheimnisvolle Haus\u201c der dritte Teil einer Serie mit sechs Folgen. Einige Hintergrundinformationen \u00fcber wichtige Personen fehlen deshalb in dieser Episode.<\/p>\n<div class=\"sideimg\" style=\"margin-top: -30px;\"><img decoding=\"async\" class=\"imgborder size-full wp-image-179\" title=\"The Scarlet Queen and the cello\" src=\"http:\/\/strawinsky.net\/wp-content\/uploads\/2013\/08\/scarlet_queen_and_cello-300x168.jpg\" alt=\"\" width=\"251\" \/><\/div>\n<p>Hier ist eine kurze Zusammenfassung: Die Welt von Strawinsky wird vom Gro\u00dfen Elohim regiert, der Gott in diesem Gleichnis darstellt. Dazu kommt sein Sohn, der Prinz, der in der letzten Folge als Wanderer erscheint, stirbt und wieder aufersteht um das das K\u00f6nigreich zu retten. Und dann gibt es noch die Rotfarbene K\u00f6nigin, die ein Sinnbild f\u00fcr den Heiligen Geist ist. In vorhergehenden Folgen erscheint sie als eine Taube und leitet Strawinsky in seinen Abenteuern.<\/p>\n<p>Einige Leute erregen Ansto\u00df daran dass der Heilige Geist in dieser Geschichte als Frau dargestellt wird. Es ist aber wichtig sich im Klaren zu sein dass Strawinsky ein Gleichnis und kein theologisches Buch ist. In der Bibel gibt es ein Gleichnis in dem eine Frau nach einer verlorenen M\u00fcnze sucht bis sie sie findet (Lukas 15: 8-10). In diesem Gleichnis wird Gott als eine Frau dargestellt. Dies ist aber keine theologische Abhandlung in dem Gott ein Geschlecht zugeschrieben wird, sondern es zeigt einfach Gottes Liebe und seine Beharrlichkeit um verlorene Menschen zu finden.<\/p>\n<hr\/>\n<p><a href=\"http:\/\/strawinsky.net\/de\/shop\/\" style=\"font-size: 21px; text-align: center; display: block; margin-right: 35px\"><img loading=\"lazy\" decoding=\"async\" src=\"http:\/\/strawinsky.net\/wp-content\/uploads\/2012\/11\/strawinsky_dvd_eng-282x300.png\" alt=\"Strawinsky DVD\" width=\"282\" height=\"300\" class=\"alignleft size-medium wp-image-208\" style=\"float:left; margin: 0px 0px 10px -25px;\"\/><\/p>\n<p>Bist du neugierig und m\u00f6chtest den ganzen Film sehen? Hol dir deine Kopie des Filmes hier!<\/a><\/p>\n<div style=\"clear: both\">\n<hr\/>\n<p><strong>Das k\u00f6nnte dich vielleicht auch interessieren:<\/strong><br \/>\n<a href=\"http:\/\/strawinsky.net\/de\/hintergrund\/die-entstehung-von-strawinsky\/\">> Die Entstehung von Strawinsky<\/a><br \/>\n<a href=\"http:\/\/strawinsky.net\/de\/hintergrund\/die-botschaft-von-strawinsky\/\">> Die Botschaft von Strawinsky<\/a><br \/>\n<a href=\"http:\/\/strawinsky.net\/de\/hintergrund\/wunder-meine-personliche-heilungsgeschichte\/\">> Wunder \u2013 meine pers\u00f6nliche Heilungsgeschichte<\/a><br \/>\n<a href=\"http:\/\/strawinsky.net\/de\/hintergrund\/geistliches-fast-food-im-grossen-wettlauf\/\">> Geistliches Fast Food im gro\u00dfen Wettlauf<\/a><\/p>\n<\/div>\n","protected":false},"excerpt":{"rendered":"<p>Gelegentlich erhalte ich Emails mit Fragen \u00fcber die Identit\u00e4t der rotfarbenen K\u00f6nigin. Wer ist sie und was symbolisiert sie?<\/p>\n","protected":false},"author":1,"featured_media":0,"parent":7,"menu_order":0,"comment_status":"open","ping_status":"open","template":"article.php","meta":{"footnotes":""},"class_list":["post-142","page","type-page","status-publish","hentry"],"_links":{"self":[{"href":"http:\/\/strawinsky.net\/de\/wp-json\/wp\/v2\/pages\/142","targetHints":{"allow":["GET"]}}],"collection":[{"href":"http:\/\/strawinsky.net\/de\/wp-json\/wp\/v2\/pages"}],"about":[{"href":"http:\/\/strawinsky.net\/de\/wp-json\/wp\/v2\/types\/page"}],"author":[{"embeddable":true,"href":"http:\/\/strawinsky.net\/de\/wp-json\/wp\/v2\/users\/1"}],"replies":[{"embeddable":true,"href":"http:\/\/strawinsky.net\/de\/wp-json\/wp\/v2\/comments?post=142"}],"version-history":[{"count":3,"href":"http:\/\/strawinsky.net\/de\/wp-json\/wp\/v2\/pages\/142\/revisions"}],"predecessor-version":[{"id":144,"href":"http:\/\/strawinsky.net\/de\/wp-json\/wp\/v2\/pages\/142\/revisions\/144"}],"up":[{"embeddable":true,"href":"http:\/\/strawinsky.net\/de\/wp-json\/wp\/v2\/pages\/7"}],"wp:attachment":[{"href":"http:\/\/strawinsky.net\/de\/wp-json\/wp\/v2\/media?parent=142"}],"curies":[{"name":"wp","href":"https:\/\/api.w.org\/{rel}","templated":true}]}}